{"id":8040,"date":"2021-01-26T13:34:38","date_gmt":"2021-01-26T12:34:38","guid":{"rendered":"https:\/\/labtec.flowmatters.io\/?post_type=product&#038;p=8040"},"modified":"2025-08-13T14:30:37","modified_gmt":"2025-08-13T12:30:37","slug":"intoxilyzer-9000","status":"publish","type":"product","link":"https:\/\/labtec.flowmatters.io\/fr\/produkt\/intoxilyzer-9000\/","title":{"rendered":"Intoxilyzer\u00ae1111"},"content":{"rendered":"<p>Das beweissichere Messger\u00e4t ist mit einem internen Drucker und Akku ausgestattet und l\u00e4sst sich \u00fcber Touchscreen bedienen.<\/p>\n","protected":false},"excerpt":{"rendered":"<p>Atemalkoholanalyse durch Mehrfach-Infrarot <\/p>\n","protected":false},"featured_media":64086,"template":"","meta":{"_acf_changed":false},"product_brand":[],"product_cat":[889],"product_tag":[],"class_list":{"0":"post-8040","1":"product","2":"type-product","3":"status-publish","4":"has-post-thumbnail","6":"product_cat-beweissicheres-messgeraet","8":"first","9":"onbackorder","10":"taxable","11":"shipping-taxable","12":"product-type-simple"},"acf":[],"yoast_head":"<!-- This site is optimized with the Yoast SEO plugin v26.4 - https:\/\/yoast.com\/wordpress\/plugins\/seo\/ -->\n<title>Intoxilyzer\u00ae1111 - Labtec SAFETY AG<\/title>\n<meta name=\"robots\" content=\"noindex, follow, max-snippet:-1, max-image-preview:large, max-video-preview:-1\" \/>\n<meta property=\"og:locale\" content=\"fr_FR\" \/>\n<meta property=\"og:type\" content=\"article\" \/>\n<meta property=\"og:title\" content=\"Intoxilyzer\u00ae1111 - Labtec SAFETY AG\" \/>\n<meta property=\"og:description\" content=\"Atemalkoholanalyse durch Mehrfach-Infrarot\" \/>\n<meta property=\"og:url\" content=\"https:\/\/labtec.flowmatters.io\/fr\/produkt\/intoxilyzer-9000\/\" \/>\n<meta property=\"og:site_name\" content=\"Labtec SAFETY AG\" \/>\n<meta property=\"article:modified_time\" content=\"2025-08-13T12:30:37+00:00\" \/>\n<meta property=\"og:image\" content=\"https:\/\/labtec.flowmatters.io\/wp-content\/uploads\/2025\/05\/Intoxilyzer-Lion-9000-Draeger-9710-1.jpg\" \/>\n\t<meta property=\"og:image:width\" content=\"399\" \/>\n\t<meta property=\"og:image:height\" content=\"365\" \/>\n\t<meta property=\"og:image:type\" content=\"image\/jpeg\" \/>\n<meta name=\"twitter:card\" content=\"summary_large_image\" \/>\n<script type=\"application\/ld+json\" class=\"yoast-schema-graph\">{\"@context\":\"https:\/\/schema.org\",\"@graph\":[{\"@type\":\"WebPage\",\"@id\":\"https:\/\/labtec.flowmatters.io\/fr\/produkt\/intoxilyzer-9000\/\",\"url\":\"https:\/\/labtec.flowmatters.io\/fr\/produkt\/intoxilyzer-9000\/\",\"name\":\"Intoxilyzer\u00ae1111 - Labtec SAFETY AG\",\"isPartOf\":{\"@id\":\"https:\/\/labtec.flowmatters.io\/fr\/#website\"},\"primaryImageOfPage\":{\"@id\":\"https:\/\/labtec.flowmatters.io\/fr\/produkt\/intoxilyzer-9000\/#primaryimage\"},\"image\":{\"@id\":\"https:\/\/labtec.flowmatters.io\/fr\/produkt\/intoxilyzer-9000\/#primaryimage\"},\"thumbnailUrl\":\"https:\/\/labtec.flowmatters.io\/wp-content\/uploads\/2025\/05\/Intoxilyzer-Lion-9000-Draeger-9710-1.jpg\",\"datePublished\":\"2021-01-26T12:34:38+00:00\",\"dateModified\":\"2025-08-13T12:30:37+00:00\",\"breadcrumb\":{\"@id\":\"https:\/\/labtec.flowmatters.io\/fr\/produkt\/intoxilyzer-9000\/#breadcrumb\"},\"inLanguage\":\"fr-FR\",\"potentialAction\":[{\"@type\":\"ReadAction\",\"target\":[\"https:\/\/labtec.flowmatters.io\/fr\/produkt\/intoxilyzer-9000\/\"]}]},{\"@type\":\"ImageObject\",\"inLanguage\":\"fr-FR\",\"@id\":\"https:\/\/labtec.flowmatters.io\/fr\/produkt\/intoxilyzer-9000\/#primaryimage\",\"url\":\"https:\/\/labtec.flowmatters.io\/wp-content\/uploads\/2025\/05\/Intoxilyzer-Lion-9000-Draeger-9710-1.jpg\",\"contentUrl\":\"https:\/\/labtec.flowmatters.io\/wp-content\/uploads\/2025\/05\/Intoxilyzer-Lion-9000-Draeger-9710-1.jpg\",\"width\":399,\"height\":365},{\"@type\":\"BreadcrumbList\",\"@id\":\"https:\/\/labtec.flowmatters.io\/fr\/produkt\/intoxilyzer-9000\/#breadcrumb\",\"itemListElement\":[{\"@type\":\"ListItem\",\"position\":1,\"name\":\"Home\",\"item\":\"https:\/\/labtec.flowmatters.io\/fr\/\"},{\"@type\":\"ListItem\",\"position\":2,\"name\":\"Boutique\",\"item\":\"https:\/\/labtec.flowmatters.io\/fr\/boutique\/\"},{\"@type\":\"ListItem\",\"position\":3,\"name\":\"Intoxilyzer\u00ae1111\"}]},{\"@type\":\"WebSite\",\"@id\":\"https:\/\/labtec.flowmatters.io\/fr\/#website\",\"url\":\"https:\/\/labtec.flowmatters.io\/fr\/\",\"name\":\"Labtec SAFETY AG\",\"description\":\"Das f\u00fchrende Schweizer Handels- und Service- Unternehmen f\u00fcr Alkohol- und Drogentests sowie Geschwindigkeitsanzeigen im Bereich Verkehrssicherheit\",\"potentialAction\":[{\"@type\":\"SearchAction\",\"target\":{\"@type\":\"EntryPoint\",\"urlTemplate\":\"https:\/\/labtec.flowmatters.io\/fr\/?s={search_term_string}\"},\"query-input\":{\"@type\":\"PropertyValueSpecification\",\"valueRequired\":true,\"valueName\":\"search_term_string\"}}],\"inLanguage\":\"fr-FR\"}]}<\/script>\n<!-- \/ Yoast SEO plugin. -->","yoast_head_json":{"title":"Intoxilyzer\u00ae1111 - Labtec SAFETY AG","robots":{"index":"noindex","follow":"follow","max-snippet":"max-snippet:-1","max-image-preview":"max-image-preview:large","max-video-preview":"max-video-preview:-1"},"og_locale":"fr_FR","og_type":"article","og_title":"Intoxilyzer\u00ae1111 - Labtec SAFETY AG","og_description":"Atemalkoholanalyse durch Mehrfach-Infrarot","og_url":"https:\/\/labtec.flowmatters.io\/fr\/produkt\/intoxilyzer-9000\/","og_site_name":"Labtec SAFETY AG","article_modified_time":"2025-08-13T12:30:37+00:00","og_image":[{"width":399,"height":365,"url":"https:\/\/labtec.flowmatters.io\/wp-content\/uploads\/2025\/05\/Intoxilyzer-Lion-9000-Draeger-9710-1.jpg","type":"image\/jpeg"}],"twitter_card":"summary_large_image","schema":{"@context":"https:\/\/schema.org","@graph":[{"@type":"WebPage","@id":"https:\/\/labtec.flowmatters.io\/fr\/produkt\/intoxilyzer-9000\/","url":"https:\/\/labtec.flowmatters.io\/fr\/produkt\/intoxilyzer-9000\/","name":"Intoxilyzer\u00ae1111 - Labtec SAFETY AG","isPartOf":{"@id":"https:\/\/labtec.flowmatters.io\/fr\/#website"},"primaryImageOfPage":{"@id":"https:\/\/labtec.flowmatters.io\/fr\/produkt\/intoxilyzer-9000\/#primaryimage"},"image":{"@id":"https:\/\/labtec.flowmatters.io\/fr\/produkt\/intoxilyzer-9000\/#primaryimage"},"thumbnailUrl":"https:\/\/labtec.flowmatters.io\/wp-content\/uploads\/2025\/05\/Intoxilyzer-Lion-9000-Draeger-9710-1.jpg","datePublished":"2021-01-26T12:34:38+00:00","dateModified":"2025-08-13T12:30:37+00:00","breadcrumb":{"@id":"https:\/\/labtec.flowmatters.io\/fr\/produkt\/intoxilyzer-9000\/#breadcrumb"},"inLanguage":"fr-FR","potentialAction":[{"@type":"ReadAction","target":["https:\/\/labtec.flowmatters.io\/fr\/produkt\/intoxilyzer-9000\/"]}]},{"@type":"ImageObject","inLanguage":"fr-FR","@id":"https:\/\/labtec.flowmatters.io\/fr\/produkt\/intoxilyzer-9000\/#primaryimage","url":"https:\/\/labtec.flowmatters.io\/wp-content\/uploads\/2025\/05\/Intoxilyzer-Lion-9000-Draeger-9710-1.jpg","contentUrl":"https:\/\/labtec.flowmatters.io\/wp-content\/uploads\/2025\/05\/Intoxilyzer-Lion-9000-Draeger-9710-1.jpg","width":399,"height":365},{"@type":"BreadcrumbList","@id":"https:\/\/labtec.flowmatters.io\/fr\/produkt\/intoxilyzer-9000\/#breadcrumb","itemListElement":[{"@type":"ListItem","position":1,"name":"Home","item":"https:\/\/labtec.flowmatters.io\/fr\/"},{"@type":"ListItem","position":2,"name":"Boutique","item":"https:\/\/labtec.flowmatters.io\/fr\/boutique\/"},{"@type":"ListItem","position":3,"name":"Intoxilyzer\u00ae1111"}]},{"@type":"WebSite","@id":"https:\/\/labtec.flowmatters.io\/fr\/#website","url":"https:\/\/labtec.flowmatters.io\/fr\/","name":"Labtec SAFETY AG","description":"Das f\u00fchrende Schweizer Handels- und Service- Unternehmen f\u00fcr Alkohol- und Drogentests sowie Geschwindigkeitsanzeigen im Bereich Verkehrssicherheit","potentialAction":[{"@type":"SearchAction","target":{"@type":"EntryPoint","urlTemplate":"https:\/\/labtec.flowmatters.io\/fr\/?s={search_term_string}"},"query-input":{"@type":"PropertyValueSpecification","valueRequired":true,"valueName":"search_term_string"}}],"inLanguage":"fr-FR"}]}},"_links":{"self":[{"href":"https:\/\/labtec.flowmatters.io\/fr\/wp-json\/wp\/v2\/product\/8040","targetHints":{"allow":["GET"]}}],"collection":[{"href":"https:\/\/labtec.flowmatters.io\/fr\/wp-json\/wp\/v2\/product"}],"about":[{"href":"https:\/\/labtec.flowmatters.io\/fr\/wp-json\/wp\/v2\/types\/product"}],"wp:featuredmedia":[{"embeddable":true,"href":"https:\/\/labtec.flowmatters.io\/fr\/wp-json\/wp\/v2\/media\/64086"}],"wp:attachment":[{"href":"https:\/\/labtec.flowmatters.io\/fr\/wp-json\/wp\/v2\/media?parent=8040"}],"wp:term":[{"taxonomy":"product_brand","embeddable":true,"href":"https:\/\/labtec.flowmatters.io\/fr\/wp-json\/wp\/v2\/product_brand?post=8040"},{"taxonomy":"product_cat","embeddable":true,"href":"https:\/\/labtec.flowmatters.io\/fr\/wp-json\/wp\/v2\/product_cat?post=8040"},{"taxonomy":"product_tag","embeddable":true,"href":"https:\/\/labtec.flowmatters.io\/fr\/wp-json\/wp\/v2\/product_tag?post=8040"}],"curies":[{"name":"wp","href":"https:\/\/api.w.org\/{rel}","templated":true}]}}