{"id":63989,"date":"2025-05-09T10:53:36","date_gmt":"2025-05-09T08:53:36","guid":{"rendered":"https:\/\/labtec.flowmatters.io\/produkt\/wartung-atemalkoholtestgeraet\/"},"modified":"2025-05-09T10:53:36","modified_gmt":"2025-05-09T08:53:36","slug":"wartung-atemalkoholtestgeraet","status":"publish","type":"product","link":"https:\/\/labtec.flowmatters.io\/fr\/produkt\/wartung-atemalkoholtestgeraet\/","title":{"rendered":"Wartung Atemalkoholtestger\u00e4t"},"content":{"rendered":"<p>Wartung des Ger\u00e4ts, \u00f6ffnen und kontrollieren, justieren<\/p>\n","protected":false},"excerpt":{"rendered":"<p>gem\u00e4ss Wartungspaket PREMIUM<\/p>\n","protected":false},"featured_media":63990,"template":"","meta":{"_acf_changed":false},"product_brand":[],"product_cat":[15],"product_tag":[],"class_list":{"0":"post-63989","1":"product","2":"type-product","3":"status-publish","4":"has-post-thumbnail","6":"product_cat-unkategorisiert","8":"first","9":"instock","10":"taxable","11":"shipping-taxable","12":"purchasable","13":"product-type-simple"},"acf":[],"yoast_head":"<!-- This site is optimized with the Yoast SEO plugin v26.4 - https:\/\/yoast.com\/wordpress\/plugins\/seo\/ -->\n<title>Wartung Atemalkoholtestger\u00e4t - Labtec SAFETY AG<\/title>\n<meta name=\"robots\" content=\"noindex, follow, max-snippet:-1, max-image-preview:large, max-video-preview:-1\" \/>\n<meta property=\"og:locale\" content=\"fr_FR\" \/>\n<meta property=\"og:type\" content=\"article\" \/>\n<meta property=\"og:title\" content=\"Wartung Atemalkoholtestger\u00e4t - Labtec SAFETY AG\" \/>\n<meta property=\"og:description\" content=\"gem\u00e4ss Wartungspaket PREMIUM\" \/>\n<meta property=\"og:url\" content=\"https:\/\/labtec.flowmatters.io\/fr\/produkt\/wartung-atemalkoholtestgeraet\/\" \/>\n<meta property=\"og:site_name\" content=\"Labtec SAFETY AG\" \/>\n<meta name=\"twitter:card\" content=\"summary_large_image\" \/>\n<script type=\"application\/ld+json\" class=\"yoast-schema-graph\">{\"@context\":\"https:\/\/schema.org\",\"@graph\":[{\"@type\":\"WebPage\",\"@id\":\"https:\/\/labtec.flowmatters.io\/fr\/produkt\/wartung-atemalkoholtestgeraet\/\",\"url\":\"https:\/\/labtec.flowmatters.io\/fr\/produkt\/wartung-atemalkoholtestgeraet\/\",\"name\":\"Wartung Atemalkoholtestger\u00e4t - Labtec SAFETY AG\",\"isPartOf\":{\"@id\":\"https:\/\/labtec.flowmatters.io\/fr\/#website\"},\"primaryImageOfPage\":{\"@id\":\"https:\/\/labtec.flowmatters.io\/fr\/produkt\/wartung-atemalkoholtestgeraet\/#primaryimage\"},\"image\":{\"@id\":\"https:\/\/labtec.flowmatters.io\/fr\/produkt\/wartung-atemalkoholtestgeraet\/#primaryimage\"},\"thumbnailUrl\":\"https:\/\/labtec.flowmatters.io\/wp-content\/uploads\/2025\/05\/Wartung-1.jpg\",\"datePublished\":\"2025-05-09T08:53:36+00:00\",\"breadcrumb\":{\"@id\":\"https:\/\/labtec.flowmatters.io\/fr\/produkt\/wartung-atemalkoholtestgeraet\/#breadcrumb\"},\"inLanguage\":\"fr-FR\",\"potentialAction\":[{\"@type\":\"ReadAction\",\"target\":[\"https:\/\/labtec.flowmatters.io\/fr\/produkt\/wartung-atemalkoholtestgeraet\/\"]}]},{\"@type\":\"ImageObject\",\"inLanguage\":\"fr-FR\",\"@id\":\"https:\/\/labtec.flowmatters.io\/fr\/produkt\/wartung-atemalkoholtestgeraet\/#primaryimage\",\"url\":\"https:\/\/labtec.flowmatters.io\/wp-content\/uploads\/2025\/05\/Wartung-1.jpg\",\"contentUrl\":\"https:\/\/labtec.flowmatters.io\/wp-content\/uploads\/2025\/05\/Wartung-1.jpg\",\"width\":500,\"height\":500},{\"@type\":\"BreadcrumbList\",\"@id\":\"https:\/\/labtec.flowmatters.io\/fr\/produkt\/wartung-atemalkoholtestgeraet\/#breadcrumb\",\"itemListElement\":[{\"@type\":\"ListItem\",\"position\":1,\"name\":\"Home\",\"item\":\"https:\/\/labtec.flowmatters.io\/fr\/\"},{\"@type\":\"ListItem\",\"position\":2,\"name\":\"Boutique\",\"item\":\"https:\/\/labtec.flowmatters.io\/fr\/boutique\/\"},{\"@type\":\"ListItem\",\"position\":3,\"name\":\"Wartung Atemalkoholtestger\u00e4t\"}]},{\"@type\":\"WebSite\",\"@id\":\"https:\/\/labtec.flowmatters.io\/fr\/#website\",\"url\":\"https:\/\/labtec.flowmatters.io\/fr\/\",\"name\":\"Labtec SAFETY AG\",\"description\":\"Das f\u00fchrende Schweizer Handels- und Service- Unternehmen f\u00fcr Alkohol- und Drogentests sowie Geschwindigkeitsanzeigen im Bereich Verkehrssicherheit\",\"potentialAction\":[{\"@type\":\"SearchAction\",\"target\":{\"@type\":\"EntryPoint\",\"urlTemplate\":\"https:\/\/labtec.flowmatters.io\/fr\/?s={search_term_string}\"},\"query-input\":{\"@type\":\"PropertyValueSpecification\",\"valueRequired\":true,\"valueName\":\"search_term_string\"}}],\"inLanguage\":\"fr-FR\"}]}<\/script>\n<!-- \/ Yoast SEO plugin. -->","yoast_head_json":{"title":"Wartung Atemalkoholtestger\u00e4t - Labtec SAFETY AG","robots":{"index":"noindex","follow":"follow","max-snippet":"max-snippet:-1","max-image-preview":"max-image-preview:large","max-video-preview":"max-video-preview:-1"},"og_locale":"fr_FR","og_type":"article","og_title":"Wartung Atemalkoholtestger\u00e4t - Labtec SAFETY AG","og_description":"gem\u00e4ss Wartungspaket PREMIUM","og_url":"https:\/\/labtec.flowmatters.io\/fr\/produkt\/wartung-atemalkoholtestgeraet\/","og_site_name":"Labtec SAFETY AG","twitter_card":"summary_large_image","schema":{"@context":"https:\/\/schema.org","@graph":[{"@type":"WebPage","@id":"https:\/\/labtec.flowmatters.io\/fr\/produkt\/wartung-atemalkoholtestgeraet\/","url":"https:\/\/labtec.flowmatters.io\/fr\/produkt\/wartung-atemalkoholtestgeraet\/","name":"Wartung Atemalkoholtestger\u00e4t - Labtec SAFETY AG","isPartOf":{"@id":"https:\/\/labtec.flowmatters.io\/fr\/#website"},"primaryImageOfPage":{"@id":"https:\/\/labtec.flowmatters.io\/fr\/produkt\/wartung-atemalkoholtestgeraet\/#primaryimage"},"image":{"@id":"https:\/\/labtec.flowmatters.io\/fr\/produkt\/wartung-atemalkoholtestgeraet\/#primaryimage"},"thumbnailUrl":"https:\/\/labtec.flowmatters.io\/wp-content\/uploads\/2025\/05\/Wartung-1.jpg","datePublished":"2025-05-09T08:53:36+00:00","breadcrumb":{"@id":"https:\/\/labtec.flowmatters.io\/fr\/produkt\/wartung-atemalkoholtestgeraet\/#breadcrumb"},"inLanguage":"fr-FR","potentialAction":[{"@type":"ReadAction","target":["https:\/\/labtec.flowmatters.io\/fr\/produkt\/wartung-atemalkoholtestgeraet\/"]}]},{"@type":"ImageObject","inLanguage":"fr-FR","@id":"https:\/\/labtec.flowmatters.io\/fr\/produkt\/wartung-atemalkoholtestgeraet\/#primaryimage","url":"https:\/\/labtec.flowmatters.io\/wp-content\/uploads\/2025\/05\/Wartung-1.jpg","contentUrl":"https:\/\/labtec.flowmatters.io\/wp-content\/uploads\/2025\/05\/Wartung-1.jpg","width":500,"height":500},{"@type":"BreadcrumbList","@id":"https:\/\/labtec.flowmatters.io\/fr\/produkt\/wartung-atemalkoholtestgeraet\/#breadcrumb","itemListElement":[{"@type":"ListItem","position":1,"name":"Home","item":"https:\/\/labtec.flowmatters.io\/fr\/"},{"@type":"ListItem","position":2,"name":"Boutique","item":"https:\/\/labtec.flowmatters.io\/fr\/boutique\/"},{"@type":"ListItem","position":3,"name":"Wartung Atemalkoholtestger\u00e4t"}]},{"@type":"WebSite","@id":"https:\/\/labtec.flowmatters.io\/fr\/#website","url":"https:\/\/labtec.flowmatters.io\/fr\/","name":"Labtec SAFETY AG","description":"Das f\u00fchrende Schweizer Handels- und Service- Unternehmen f\u00fcr Alkohol- und Drogentests sowie Geschwindigkeitsanzeigen im Bereich Verkehrssicherheit","potentialAction":[{"@type":"SearchAction","target":{"@type":"EntryPoint","urlTemplate":"https:\/\/labtec.flowmatters.io\/fr\/?s={search_term_string}"},"query-input":{"@type":"PropertyValueSpecification","valueRequired":true,"valueName":"search_term_string"}}],"inLanguage":"fr-FR"}]}},"_links":{"self":[{"href":"https:\/\/labtec.flowmatters.io\/fr\/wp-json\/wp\/v2\/product\/63989","targetHints":{"allow":["GET"]}}],"collection":[{"href":"https:\/\/labtec.flowmatters.io\/fr\/wp-json\/wp\/v2\/product"}],"about":[{"href":"https:\/\/labtec.flowmatters.io\/fr\/wp-json\/wp\/v2\/types\/product"}],"wp:featuredmedia":[{"embeddable":true,"href":"https:\/\/labtec.flowmatters.io\/fr\/wp-json\/wp\/v2\/media\/63990"}],"wp:attachment":[{"href":"https:\/\/labtec.flowmatters.io\/fr\/wp-json\/wp\/v2\/media?parent=63989"}],"wp:term":[{"taxonomy":"product_brand","embeddable":true,"href":"https:\/\/labtec.flowmatters.io\/fr\/wp-json\/wp\/v2\/product_brand?post=63989"},{"taxonomy":"product_cat","embeddable":true,"href":"https:\/\/labtec.flowmatters.io\/fr\/wp-json\/wp\/v2\/product_cat?post=63989"},{"taxonomy":"product_tag","embeddable":true,"href":"https:\/\/labtec.flowmatters.io\/fr\/wp-json\/wp\/v2\/product_tag?post=63989"}],"curies":[{"name":"wp","href":"https:\/\/api.w.org\/{rel}","templated":true}]}}