{"id":63983,"date":"2025-05-09T10:53:02","date_gmt":"2025-05-09T08:53:02","guid":{"rendered":"https:\/\/labtec.flowmatters.io\/produkt\/wartung-atemalkoholmessgeraet\/"},"modified":"2025-06-30T12:13:04","modified_gmt":"2025-06-30T10:13:04","slug":"wartung-atemalkoholmessgeraet","status":"publish","type":"product","link":"https:\/\/labtec.flowmatters.io\/fr\/produkt\/wartung-atemalkoholmessgeraet\/","title":{"rendered":"Wartung Atemalkoholmessger\u00e4t11"},"content":{"rendered":"<p>Wartung und Justierung gem\u00e4ss Wartungsplan. Organisation der Eichung beim METAS, inklusive Zertifikatsgarantie. Verpackung und Transporte sind in der Pauschale inbegriffen. Zugriff auf Online Plattform MyLabtec, Dokumentation der Wartung in MyLabtec.<\/p>\n<p>W\u00e4hrend der Wartungsdauer wird ein Leihger\u00e4t zur Verf\u00fcgung gestellt.<\/p>\n","protected":false},"excerpt":{"rendered":"<p>Typ EASY<\/p>\n","protected":false},"featured_media":63984,"template":"","meta":{"_acf_changed":false},"product_brand":[],"product_cat":[15],"product_tag":[],"class_list":{"0":"post-63983","1":"product","2":"type-product","3":"status-publish","4":"has-post-thumbnail","6":"product_cat-unkategorisiert","8":"first","9":"instock","10":"taxable","11":"shipping-taxable","12":"purchasable","13":"product-type-simple"},"acf":[],"yoast_head":"<!-- This site is optimized with the Yoast SEO plugin v26.4 - https:\/\/yoast.com\/wordpress\/plugins\/seo\/ -->\n<title>Wartung Atemalkoholmessger\u00e4t11 - Labtec SAFETY AG<\/title>\n<meta name=\"robots\" content=\"noindex, follow, max-snippet:-1, max-image-preview:large, max-video-preview:-1\" \/>\n<meta property=\"og:locale\" content=\"fr_FR\" \/>\n<meta property=\"og:type\" content=\"article\" \/>\n<meta property=\"og:title\" content=\"Wartung Atemalkoholmessger\u00e4t11 - Labtec SAFETY AG\" \/>\n<meta property=\"og:description\" content=\"Typ EASY\" \/>\n<meta property=\"og:url\" content=\"https:\/\/labtec.flowmatters.io\/fr\/produkt\/wartung-atemalkoholmessgeraet\/\" \/>\n<meta property=\"og:site_name\" content=\"Labtec SAFETY AG\" \/>\n<meta property=\"article:modified_time\" content=\"2025-06-30T10:13:04+00:00\" \/>\n<meta property=\"og:image\" content=\"https:\/\/labtec.flowmatters.io\/wp-content\/uploads\/2025\/05\/Service_Shopbild_400x400-1.jpg\" \/>\n\t<meta property=\"og:image:width\" content=\"400\" \/>\n\t<meta property=\"og:image:height\" content=\"400\" \/>\n\t<meta property=\"og:image:type\" content=\"image\/jpeg\" \/>\n<meta name=\"twitter:card\" content=\"summary_large_image\" \/>\n<script type=\"application\/ld+json\" class=\"yoast-schema-graph\">{\"@context\":\"https:\/\/schema.org\",\"@graph\":[{\"@type\":\"WebPage\",\"@id\":\"https:\/\/labtec.flowmatters.io\/fr\/produkt\/wartung-atemalkoholmessgeraet\/\",\"url\":\"https:\/\/labtec.flowmatters.io\/fr\/produkt\/wartung-atemalkoholmessgeraet\/\",\"name\":\"Wartung Atemalkoholmessger\u00e4t11 - Labtec SAFETY AG\",\"isPartOf\":{\"@id\":\"https:\/\/labtec.flowmatters.io\/fr\/#website\"},\"primaryImageOfPage\":{\"@id\":\"https:\/\/labtec.flowmatters.io\/fr\/produkt\/wartung-atemalkoholmessgeraet\/#primaryimage\"},\"image\":{\"@id\":\"https:\/\/labtec.flowmatters.io\/fr\/produkt\/wartung-atemalkoholmessgeraet\/#primaryimage\"},\"thumbnailUrl\":\"https:\/\/labtec.flowmatters.io\/wp-content\/uploads\/2025\/05\/Service_Shopbild_400x400-1.jpg\",\"datePublished\":\"2025-05-09T08:53:02+00:00\",\"dateModified\":\"2025-06-30T10:13:04+00:00\",\"breadcrumb\":{\"@id\":\"https:\/\/labtec.flowmatters.io\/fr\/produkt\/wartung-atemalkoholmessgeraet\/#breadcrumb\"},\"inLanguage\":\"fr-FR\",\"potentialAction\":[{\"@type\":\"ReadAction\",\"target\":[\"https:\/\/labtec.flowmatters.io\/fr\/produkt\/wartung-atemalkoholmessgeraet\/\"]}]},{\"@type\":\"ImageObject\",\"inLanguage\":\"fr-FR\",\"@id\":\"https:\/\/labtec.flowmatters.io\/fr\/produkt\/wartung-atemalkoholmessgeraet\/#primaryimage\",\"url\":\"https:\/\/labtec.flowmatters.io\/wp-content\/uploads\/2025\/05\/Service_Shopbild_400x400-1.jpg\",\"contentUrl\":\"https:\/\/labtec.flowmatters.io\/wp-content\/uploads\/2025\/05\/Service_Shopbild_400x400-1.jpg\",\"width\":400,\"height\":400},{\"@type\":\"BreadcrumbList\",\"@id\":\"https:\/\/labtec.flowmatters.io\/fr\/produkt\/wartung-atemalkoholmessgeraet\/#breadcrumb\",\"itemListElement\":[{\"@type\":\"ListItem\",\"position\":1,\"name\":\"Home\",\"item\":\"https:\/\/labtec.flowmatters.io\/fr\/\"},{\"@type\":\"ListItem\",\"position\":2,\"name\":\"Boutique\",\"item\":\"https:\/\/labtec.flowmatters.io\/fr\/boutique\/\"},{\"@type\":\"ListItem\",\"position\":3,\"name\":\"Wartung Atemalkoholmessger\u00e4t11\"}]},{\"@type\":\"WebSite\",\"@id\":\"https:\/\/labtec.flowmatters.io\/fr\/#website\",\"url\":\"https:\/\/labtec.flowmatters.io\/fr\/\",\"name\":\"Labtec SAFETY AG\",\"description\":\"Das f\u00fchrende Schweizer Handels- und Service- Unternehmen f\u00fcr Alkohol- und Drogentests sowie Geschwindigkeitsanzeigen im Bereich Verkehrssicherheit\",\"potentialAction\":[{\"@type\":\"SearchAction\",\"target\":{\"@type\":\"EntryPoint\",\"urlTemplate\":\"https:\/\/labtec.flowmatters.io\/fr\/?s={search_term_string}\"},\"query-input\":{\"@type\":\"PropertyValueSpecification\",\"valueRequired\":true,\"valueName\":\"search_term_string\"}}],\"inLanguage\":\"fr-FR\"}]}<\/script>\n<!-- \/ Yoast SEO plugin. -->","yoast_head_json":{"title":"Wartung Atemalkoholmessger\u00e4t11 - Labtec SAFETY AG","robots":{"index":"noindex","follow":"follow","max-snippet":"max-snippet:-1","max-image-preview":"max-image-preview:large","max-video-preview":"max-video-preview:-1"},"og_locale":"fr_FR","og_type":"article","og_title":"Wartung Atemalkoholmessger\u00e4t11 - Labtec SAFETY AG","og_description":"Typ EASY","og_url":"https:\/\/labtec.flowmatters.io\/fr\/produkt\/wartung-atemalkoholmessgeraet\/","og_site_name":"Labtec SAFETY AG","article_modified_time":"2025-06-30T10:13:04+00:00","og_image":[{"width":400,"height":400,"url":"https:\/\/labtec.flowmatters.io\/wp-content\/uploads\/2025\/05\/Service_Shopbild_400x400-1.jpg","type":"image\/jpeg"}],"twitter_card":"summary_large_image","schema":{"@context":"https:\/\/schema.org","@graph":[{"@type":"WebPage","@id":"https:\/\/labtec.flowmatters.io\/fr\/produkt\/wartung-atemalkoholmessgeraet\/","url":"https:\/\/labtec.flowmatters.io\/fr\/produkt\/wartung-atemalkoholmessgeraet\/","name":"Wartung Atemalkoholmessger\u00e4t11 - Labtec SAFETY AG","isPartOf":{"@id":"https:\/\/labtec.flowmatters.io\/fr\/#website"},"primaryImageOfPage":{"@id":"https:\/\/labtec.flowmatters.io\/fr\/produkt\/wartung-atemalkoholmessgeraet\/#primaryimage"},"image":{"@id":"https:\/\/labtec.flowmatters.io\/fr\/produkt\/wartung-atemalkoholmessgeraet\/#primaryimage"},"thumbnailUrl":"https:\/\/labtec.flowmatters.io\/wp-content\/uploads\/2025\/05\/Service_Shopbild_400x400-1.jpg","datePublished":"2025-05-09T08:53:02+00:00","dateModified":"2025-06-30T10:13:04+00:00","breadcrumb":{"@id":"https:\/\/labtec.flowmatters.io\/fr\/produkt\/wartung-atemalkoholmessgeraet\/#breadcrumb"},"inLanguage":"fr-FR","potentialAction":[{"@type":"ReadAction","target":["https:\/\/labtec.flowmatters.io\/fr\/produkt\/wartung-atemalkoholmessgeraet\/"]}]},{"@type":"ImageObject","inLanguage":"fr-FR","@id":"https:\/\/labtec.flowmatters.io\/fr\/produkt\/wartung-atemalkoholmessgeraet\/#primaryimage","url":"https:\/\/labtec.flowmatters.io\/wp-content\/uploads\/2025\/05\/Service_Shopbild_400x400-1.jpg","contentUrl":"https:\/\/labtec.flowmatters.io\/wp-content\/uploads\/2025\/05\/Service_Shopbild_400x400-1.jpg","width":400,"height":400},{"@type":"BreadcrumbList","@id":"https:\/\/labtec.flowmatters.io\/fr\/produkt\/wartung-atemalkoholmessgeraet\/#breadcrumb","itemListElement":[{"@type":"ListItem","position":1,"name":"Home","item":"https:\/\/labtec.flowmatters.io\/fr\/"},{"@type":"ListItem","position":2,"name":"Boutique","item":"https:\/\/labtec.flowmatters.io\/fr\/boutique\/"},{"@type":"ListItem","position":3,"name":"Wartung Atemalkoholmessger\u00e4t11"}]},{"@type":"WebSite","@id":"https:\/\/labtec.flowmatters.io\/fr\/#website","url":"https:\/\/labtec.flowmatters.io\/fr\/","name":"Labtec SAFETY AG","description":"Das f\u00fchrende Schweizer Handels- und Service- Unternehmen f\u00fcr Alkohol- und Drogentests sowie Geschwindigkeitsanzeigen im Bereich Verkehrssicherheit","potentialAction":[{"@type":"SearchAction","target":{"@type":"EntryPoint","urlTemplate":"https:\/\/labtec.flowmatters.io\/fr\/?s={search_term_string}"},"query-input":{"@type":"PropertyValueSpecification","valueRequired":true,"valueName":"search_term_string"}}],"inLanguage":"fr-FR"}]}},"_links":{"self":[{"href":"https:\/\/labtec.flowmatters.io\/fr\/wp-json\/wp\/v2\/product\/63983","targetHints":{"allow":["GET"]}}],"collection":[{"href":"https:\/\/labtec.flowmatters.io\/fr\/wp-json\/wp\/v2\/product"}],"about":[{"href":"https:\/\/labtec.flowmatters.io\/fr\/wp-json\/wp\/v2\/types\/product"}],"wp:featuredmedia":[{"embeddable":true,"href":"https:\/\/labtec.flowmatters.io\/fr\/wp-json\/wp\/v2\/media\/63984"}],"wp:attachment":[{"href":"https:\/\/labtec.flowmatters.io\/fr\/wp-json\/wp\/v2\/media?parent=63983"}],"wp:term":[{"taxonomy":"product_brand","embeddable":true,"href":"https:\/\/labtec.flowmatters.io\/fr\/wp-json\/wp\/v2\/product_brand?post=63983"},{"taxonomy":"product_cat","embeddable":true,"href":"https:\/\/labtec.flowmatters.io\/fr\/wp-json\/wp\/v2\/product_cat?post=63983"},{"taxonomy":"product_tag","embeddable":true,"href":"https:\/\/labtec.flowmatters.io\/fr\/wp-json\/wp\/v2\/product_tag?post=63983"}],"curies":[{"name":"wp","href":"https:\/\/api.w.org\/{rel}","templated":true}]}}