{"id":50449,"date":"2024-09-10T04:39:26","date_gmt":"2024-09-10T02:39:26","guid":{"rendered":"https:\/\/labtec.flowmatters.io\/?post_type=product&#038;p=50449"},"modified":"2025-06-20T15:57:35","modified_gmt":"2025-06-20T13:57:35","slug":"blackpool-soft-shell-jacke-hi-vis-gelb-schwarzblau","status":"publish","type":"product","link":"https:\/\/labtec.flowmatters.io\/fr\/produkt\/blackpool-soft-shell-jacke-hi-vis-gelb-schwarzblau\/","title":{"rendered":"Blackpool Soft Shell Jacke, hi-vis Gelb\/Schwarzblau"},"content":{"rendered":"<p>\u2013 Warnschutzkleidung Klasse 2 (S + M) \/ Klasse 3.<br \/>\n\u2013 Atmungsaktiv, winddicht und wasserabweisend.<br \/>\n\u2013 Strapazierf\u00e4higer Einsatz von CORDURA\u00ae-Gewebe am \u00c4rmelende verl\u00e4ngert die Lebenszeit des Produktes.<br \/>\n\u2013 Verl\u00e4ngerte \u00c4rmel auf dem Handr\u00fccken als zus\u00e4tzlicher Schutz gegen K\u00e4lte und Niederschlag.<\/p>\n<p>Material: 100% Polyester<br \/>\n360 g\/m\u00b2<\/p>\n","protected":false},"excerpt":{"rendered":"<p>\u2013 Warnschutzkleidung Klasse 2 (S + M) \/ Klasse 3. \u2013 Atmungsaktiv, winddicht und wasserabweisend. \u2013 Strapazierf\u00e4higer Einsatz von CORDURA\u00ae-Gewebe am \u00c4rmelende verl\u00e4ngert die Lebenszeit des Produktes. \u2013 Verl\u00e4ngerte \u00c4rmel auf dem Handr\u00fccken als zus\u00e4tzlicher Schutz gegen K\u00e4lte und Niederschlag. Material: 100% Polyester 360 g\/m\u00b2<\/p>\n","protected":false},"featured_media":57204,"template":"","meta":{"_acf_changed":false},"product_brand":[],"product_cat":[15],"product_tag":[],"class_list":{"0":"post-50449","1":"product","2":"type-product","3":"status-publish","4":"has-post-thumbnail","6":"product_cat-unkategorisiert","8":"first","9":"onbackorder","10":"taxable","11":"shipping-taxable","12":"purchasable","13":"product-type-variable"},"acf":[],"yoast_head":"<!-- This site is optimized with the Yoast SEO plugin v26.4 - https:\/\/yoast.com\/wordpress\/plugins\/seo\/ -->\n<title>Blackpool Soft Shell Jacke, hi-vis Gelb\/Schwarzblau - Labtec SAFETY AG<\/title>\n<meta name=\"robots\" content=\"noindex, follow, max-snippet:-1, max-image-preview:large, max-video-preview:-1\" \/>\n<meta property=\"og:locale\" content=\"fr_FR\" \/>\n<meta property=\"og:type\" content=\"article\" \/>\n<meta property=\"og:title\" content=\"Blackpool Soft Shell Jacke, hi-vis Gelb\/Schwarzblau - Labtec SAFETY AG\" \/>\n<meta property=\"og:description\" content=\"\u2013 Warnschutzkleidung Klasse 2 (S + M) \/ Klasse 3. \u2013 Atmungsaktiv, winddicht und wasserabweisend. \u2013 Strapazierf\u00e4higer Einsatz von CORDURA\u00ae-Gewebe am \u00c4rmelende verl\u00e4ngert die Lebenszeit des Produktes. \u2013 Verl\u00e4ngerte \u00c4rmel auf dem Handr\u00fccken als zus\u00e4tzlicher Schutz gegen K\u00e4lte und Niederschlag. Material: 100% Polyester 360 g\/m\u00b2\" \/>\n<meta property=\"og:url\" content=\"https:\/\/labtec.flowmatters.io\/fr\/produkt\/blackpool-soft-shell-jacke-hi-vis-gelb-schwarzblau\/\" \/>\n<meta property=\"og:site_name\" content=\"Labtec SAFETY AG\" \/>\n<meta property=\"article:modified_time\" content=\"2025-06-20T13:57:35+00:00\" \/>\n<meta property=\"og:image\" content=\"https:\/\/labtec.flowmatters.io\/wp-content\/uploads\/2025\/04\/MC15502-246-17010.jpeg\" \/>\n\t<meta property=\"og:image:width\" content=\"400\" \/>\n\t<meta property=\"og:image:height\" content=\"400\" \/>\n\t<meta property=\"og:image:type\" content=\"image\/jpeg\" \/>\n<meta name=\"twitter:card\" content=\"summary_large_image\" \/>\n<script type=\"application\/ld+json\" class=\"yoast-schema-graph\">{\"@context\":\"https:\/\/schema.org\",\"@graph\":[{\"@type\":\"WebPage\",\"@id\":\"https:\/\/labtec.flowmatters.io\/fr\/produkt\/blackpool-soft-shell-jacke-hi-vis-gelb-schwarzblau\/\",\"url\":\"https:\/\/labtec.flowmatters.io\/fr\/produkt\/blackpool-soft-shell-jacke-hi-vis-gelb-schwarzblau\/\",\"name\":\"Blackpool Soft Shell Jacke, hi-vis Gelb\/Schwarzblau - Labtec SAFETY AG\",\"isPartOf\":{\"@id\":\"https:\/\/labtec.flowmatters.io\/fr\/#website\"},\"primaryImageOfPage\":{\"@id\":\"https:\/\/labtec.flowmatters.io\/fr\/produkt\/blackpool-soft-shell-jacke-hi-vis-gelb-schwarzblau\/#primaryimage\"},\"image\":{\"@id\":\"https:\/\/labtec.flowmatters.io\/fr\/produkt\/blackpool-soft-shell-jacke-hi-vis-gelb-schwarzblau\/#primaryimage\"},\"thumbnailUrl\":\"https:\/\/labtec.flowmatters.io\/wp-content\/uploads\/2025\/04\/MC15502-246-17010.jpeg\",\"datePublished\":\"2024-09-10T02:39:26+00:00\",\"dateModified\":\"2025-06-20T13:57:35+00:00\",\"breadcrumb\":{\"@id\":\"https:\/\/labtec.flowmatters.io\/fr\/produkt\/blackpool-soft-shell-jacke-hi-vis-gelb-schwarzblau\/#breadcrumb\"},\"inLanguage\":\"fr-FR\",\"potentialAction\":[{\"@type\":\"ReadAction\",\"target\":[\"https:\/\/labtec.flowmatters.io\/fr\/produkt\/blackpool-soft-shell-jacke-hi-vis-gelb-schwarzblau\/\"]}]},{\"@type\":\"ImageObject\",\"inLanguage\":\"fr-FR\",\"@id\":\"https:\/\/labtec.flowmatters.io\/fr\/produkt\/blackpool-soft-shell-jacke-hi-vis-gelb-schwarzblau\/#primaryimage\",\"url\":\"https:\/\/labtec.flowmatters.io\/wp-content\/uploads\/2025\/04\/MC15502-246-17010.jpeg\",\"contentUrl\":\"https:\/\/labtec.flowmatters.io\/wp-content\/uploads\/2025\/04\/MC15502-246-17010.jpeg\",\"width\":400,\"height\":400},{\"@type\":\"BreadcrumbList\",\"@id\":\"https:\/\/labtec.flowmatters.io\/fr\/produkt\/blackpool-soft-shell-jacke-hi-vis-gelb-schwarzblau\/#breadcrumb\",\"itemListElement\":[{\"@type\":\"ListItem\",\"position\":1,\"name\":\"Home\",\"item\":\"https:\/\/labtec.flowmatters.io\/fr\/\"},{\"@type\":\"ListItem\",\"position\":2,\"name\":\"Boutique\",\"item\":\"https:\/\/labtec.flowmatters.io\/fr\/boutique\/\"},{\"@type\":\"ListItem\",\"position\":3,\"name\":\"Blackpool Soft Shell Jacke, hi-vis Gelb\/Schwarzblau\"}]},{\"@type\":\"WebSite\",\"@id\":\"https:\/\/labtec.flowmatters.io\/fr\/#website\",\"url\":\"https:\/\/labtec.flowmatters.io\/fr\/\",\"name\":\"Labtec SAFETY AG\",\"description\":\"Das f\u00fchrende Schweizer Handels- und Service- Unternehmen f\u00fcr Alkohol- und Drogentests sowie Geschwindigkeitsanzeigen im Bereich Verkehrssicherheit\",\"potentialAction\":[{\"@type\":\"SearchAction\",\"target\":{\"@type\":\"EntryPoint\",\"urlTemplate\":\"https:\/\/labtec.flowmatters.io\/fr\/?s={search_term_string}\"},\"query-input\":{\"@type\":\"PropertyValueSpecification\",\"valueRequired\":true,\"valueName\":\"search_term_string\"}}],\"inLanguage\":\"fr-FR\"}]}<\/script>\n<!-- \/ Yoast SEO plugin. -->","yoast_head_json":{"title":"Blackpool Soft Shell Jacke, hi-vis Gelb\/Schwarzblau - Labtec SAFETY AG","robots":{"index":"noindex","follow":"follow","max-snippet":"max-snippet:-1","max-image-preview":"max-image-preview:large","max-video-preview":"max-video-preview:-1"},"og_locale":"fr_FR","og_type":"article","og_title":"Blackpool Soft Shell Jacke, hi-vis Gelb\/Schwarzblau - Labtec SAFETY AG","og_description":"\u2013 Warnschutzkleidung Klasse 2 (S + M) \/ Klasse 3. \u2013 Atmungsaktiv, winddicht und wasserabweisend. \u2013 Strapazierf\u00e4higer Einsatz von CORDURA\u00ae-Gewebe am \u00c4rmelende verl\u00e4ngert die Lebenszeit des Produktes. \u2013 Verl\u00e4ngerte \u00c4rmel auf dem Handr\u00fccken als zus\u00e4tzlicher Schutz gegen K\u00e4lte und Niederschlag. Material: 100% Polyester 360 g\/m\u00b2","og_url":"https:\/\/labtec.flowmatters.io\/fr\/produkt\/blackpool-soft-shell-jacke-hi-vis-gelb-schwarzblau\/","og_site_name":"Labtec SAFETY AG","article_modified_time":"2025-06-20T13:57:35+00:00","og_image":[{"width":400,"height":400,"url":"https:\/\/labtec.flowmatters.io\/wp-content\/uploads\/2025\/04\/MC15502-246-17010.jpeg","type":"image\/jpeg"}],"twitter_card":"summary_large_image","schema":{"@context":"https:\/\/schema.org","@graph":[{"@type":"WebPage","@id":"https:\/\/labtec.flowmatters.io\/fr\/produkt\/blackpool-soft-shell-jacke-hi-vis-gelb-schwarzblau\/","url":"https:\/\/labtec.flowmatters.io\/fr\/produkt\/blackpool-soft-shell-jacke-hi-vis-gelb-schwarzblau\/","name":"Blackpool Soft Shell Jacke, hi-vis Gelb\/Schwarzblau - Labtec SAFETY AG","isPartOf":{"@id":"https:\/\/labtec.flowmatters.io\/fr\/#website"},"primaryImageOfPage":{"@id":"https:\/\/labtec.flowmatters.io\/fr\/produkt\/blackpool-soft-shell-jacke-hi-vis-gelb-schwarzblau\/#primaryimage"},"image":{"@id":"https:\/\/labtec.flowmatters.io\/fr\/produkt\/blackpool-soft-shell-jacke-hi-vis-gelb-schwarzblau\/#primaryimage"},"thumbnailUrl":"https:\/\/labtec.flowmatters.io\/wp-content\/uploads\/2025\/04\/MC15502-246-17010.jpeg","datePublished":"2024-09-10T02:39:26+00:00","dateModified":"2025-06-20T13:57:35+00:00","breadcrumb":{"@id":"https:\/\/labtec.flowmatters.io\/fr\/produkt\/blackpool-soft-shell-jacke-hi-vis-gelb-schwarzblau\/#breadcrumb"},"inLanguage":"fr-FR","potentialAction":[{"@type":"ReadAction","target":["https:\/\/labtec.flowmatters.io\/fr\/produkt\/blackpool-soft-shell-jacke-hi-vis-gelb-schwarzblau\/"]}]},{"@type":"ImageObject","inLanguage":"fr-FR","@id":"https:\/\/labtec.flowmatters.io\/fr\/produkt\/blackpool-soft-shell-jacke-hi-vis-gelb-schwarzblau\/#primaryimage","url":"https:\/\/labtec.flowmatters.io\/wp-content\/uploads\/2025\/04\/MC15502-246-17010.jpeg","contentUrl":"https:\/\/labtec.flowmatters.io\/wp-content\/uploads\/2025\/04\/MC15502-246-17010.jpeg","width":400,"height":400},{"@type":"BreadcrumbList","@id":"https:\/\/labtec.flowmatters.io\/fr\/produkt\/blackpool-soft-shell-jacke-hi-vis-gelb-schwarzblau\/#breadcrumb","itemListElement":[{"@type":"ListItem","position":1,"name":"Home","item":"https:\/\/labtec.flowmatters.io\/fr\/"},{"@type":"ListItem","position":2,"name":"Boutique","item":"https:\/\/labtec.flowmatters.io\/fr\/boutique\/"},{"@type":"ListItem","position":3,"name":"Blackpool Soft Shell Jacke, hi-vis Gelb\/Schwarzblau"}]},{"@type":"WebSite","@id":"https:\/\/labtec.flowmatters.io\/fr\/#website","url":"https:\/\/labtec.flowmatters.io\/fr\/","name":"Labtec SAFETY AG","description":"Das f\u00fchrende Schweizer Handels- und Service- Unternehmen f\u00fcr Alkohol- und Drogentests sowie Geschwindigkeitsanzeigen im Bereich Verkehrssicherheit","potentialAction":[{"@type":"SearchAction","target":{"@type":"EntryPoint","urlTemplate":"https:\/\/labtec.flowmatters.io\/fr\/?s={search_term_string}"},"query-input":{"@type":"PropertyValueSpecification","valueRequired":true,"valueName":"search_term_string"}}],"inLanguage":"fr-FR"}]}},"_links":{"self":[{"href":"https:\/\/labtec.flowmatters.io\/fr\/wp-json\/wp\/v2\/product\/50449","targetHints":{"allow":["GET"]}}],"collection":[{"href":"https:\/\/labtec.flowmatters.io\/fr\/wp-json\/wp\/v2\/product"}],"about":[{"href":"https:\/\/labtec.flowmatters.io\/fr\/wp-json\/wp\/v2\/types\/product"}],"wp:featuredmedia":[{"embeddable":true,"href":"https:\/\/labtec.flowmatters.io\/fr\/wp-json\/wp\/v2\/media\/57204"}],"wp:attachment":[{"href":"https:\/\/labtec.flowmatters.io\/fr\/wp-json\/wp\/v2\/media?parent=50449"}],"wp:term":[{"taxonomy":"product_brand","embeddable":true,"href":"https:\/\/labtec.flowmatters.io\/fr\/wp-json\/wp\/v2\/product_brand?post=50449"},{"taxonomy":"product_cat","embeddable":true,"href":"https:\/\/labtec.flowmatters.io\/fr\/wp-json\/wp\/v2\/product_cat?post=50449"},{"taxonomy":"product_tag","embeddable":true,"href":"https:\/\/labtec.flowmatters.io\/fr\/wp-json\/wp\/v2\/product_tag?post=50449"}],"curies":[{"name":"wp","href":"https:\/\/api.w.org\/{rel}","templated":true}]}}