{"id":10501,"date":"2024-01-23T03:39:55","date_gmt":"2024-01-23T02:39:55","guid":{"rendered":"https:\/\/labtec.flowmatters.io\/?post_type=product&#038;p=10501"},"modified":"2025-06-20T15:39:00","modified_gmt":"2025-06-20T13:39:00","slug":"scrapex-argentax-mit-klinge-nr-44-mit-schutzkappe","status":"publish","type":"product","link":"https:\/\/labtec.flowmatters.io\/fr\/produkt\/scrapex-argentax-mit-klinge-nr-44-mit-schutzkappe\/","title":{"rendered":"Scrapex Argentax mit Klinge Nr. 44 mit Schutzkappe"},"content":{"rendered":"<p>165 x 16,7 x 45mm<\/p>\n<p>F\u00fchlt sich wirklich gut an, der gro\u00dfe abgerundete Griff des SCRAPEX ARGENTAX. Doch auch die Leistung dieses klassischen Schabers \u00fcberzeugt. So k\u00f6nnen Sie mit ihm alle glatten Oberfl\u00e4chen von R\u00fcckst\u00e4nden befreien \u2013 egal, ob bei der Arbeit oder im Haushalt. Danach schieben Sie die Schutzkappe \u00fcber die Klinge. Und alles ist sicher.<\/p>\n","protected":false},"excerpt":{"rendered":"<p>1 im Einzelkarton<\/p>\n","protected":false},"featured_media":10502,"template":"","meta":{"_acf_changed":false},"product_brand":[],"product_cat":[15],"product_tag":[],"class_list":{"0":"post-10501","1":"product","2":"type-product","3":"status-publish","4":"has-post-thumbnail","6":"product_cat-unkategorisiert","8":"first","9":"instock","10":"taxable","11":"shipping-taxable","12":"purchasable","13":"product-type-simple"},"acf":[],"yoast_head":"<!-- This site is optimized with the Yoast SEO plugin v26.4 - https:\/\/yoast.com\/wordpress\/plugins\/seo\/ -->\n<title>Scrapex Argentax mit Klinge Nr. 44 mit Schutzkappe - Labtec SAFETY AG<\/title>\n<meta name=\"robots\" content=\"noindex, follow, max-snippet:-1, max-image-preview:large, max-video-preview:-1\" \/>\n<meta property=\"og:locale\" content=\"fr_FR\" \/>\n<meta property=\"og:type\" content=\"article\" \/>\n<meta property=\"og:title\" content=\"Scrapex Argentax mit Klinge Nr. 44 mit Schutzkappe - Labtec SAFETY AG\" \/>\n<meta property=\"og:description\" content=\"1 im Einzelkarton\" \/>\n<meta property=\"og:url\" content=\"https:\/\/labtec.flowmatters.io\/fr\/produkt\/scrapex-argentax-mit-klinge-nr-44-mit-schutzkappe\/\" \/>\n<meta property=\"og:site_name\" content=\"Labtec SAFETY AG\" \/>\n<meta property=\"article:modified_time\" content=\"2025-06-20T13:39:00+00:00\" \/>\n<meta property=\"og:image\" content=\"https:\/\/labtec.flowmatters.io\/wp-content\/uploads\/2025\/04\/MA46144.02.jpeg\" \/>\n\t<meta property=\"og:image:width\" content=\"400\" \/>\n\t<meta property=\"og:image:height\" content=\"400\" \/>\n\t<meta property=\"og:image:type\" content=\"image\/jpeg\" \/>\n<meta name=\"twitter:card\" content=\"summary_large_image\" \/>\n<script type=\"application\/ld+json\" class=\"yoast-schema-graph\">{\"@context\":\"https:\/\/schema.org\",\"@graph\":[{\"@type\":\"WebPage\",\"@id\":\"https:\/\/labtec.flowmatters.io\/fr\/produkt\/scrapex-argentax-mit-klinge-nr-44-mit-schutzkappe\/\",\"url\":\"https:\/\/labtec.flowmatters.io\/fr\/produkt\/scrapex-argentax-mit-klinge-nr-44-mit-schutzkappe\/\",\"name\":\"Scrapex Argentax mit Klinge Nr. 44 mit Schutzkappe - Labtec SAFETY AG\",\"isPartOf\":{\"@id\":\"https:\/\/labtec.flowmatters.io\/fr\/#website\"},\"primaryImageOfPage\":{\"@id\":\"https:\/\/labtec.flowmatters.io\/fr\/produkt\/scrapex-argentax-mit-klinge-nr-44-mit-schutzkappe\/#primaryimage\"},\"image\":{\"@id\":\"https:\/\/labtec.flowmatters.io\/fr\/produkt\/scrapex-argentax-mit-klinge-nr-44-mit-schutzkappe\/#primaryimage\"},\"thumbnailUrl\":\"https:\/\/labtec.flowmatters.io\/wp-content\/uploads\/2025\/04\/MA46144.02.jpeg\",\"datePublished\":\"2024-01-23T02:39:55+00:00\",\"dateModified\":\"2025-06-20T13:39:00+00:00\",\"breadcrumb\":{\"@id\":\"https:\/\/labtec.flowmatters.io\/fr\/produkt\/scrapex-argentax-mit-klinge-nr-44-mit-schutzkappe\/#breadcrumb\"},\"inLanguage\":\"fr-FR\",\"potentialAction\":[{\"@type\":\"ReadAction\",\"target\":[\"https:\/\/labtec.flowmatters.io\/fr\/produkt\/scrapex-argentax-mit-klinge-nr-44-mit-schutzkappe\/\"]}]},{\"@type\":\"ImageObject\",\"inLanguage\":\"fr-FR\",\"@id\":\"https:\/\/labtec.flowmatters.io\/fr\/produkt\/scrapex-argentax-mit-klinge-nr-44-mit-schutzkappe\/#primaryimage\",\"url\":\"https:\/\/labtec.flowmatters.io\/wp-content\/uploads\/2025\/04\/MA46144.02.jpeg\",\"contentUrl\":\"https:\/\/labtec.flowmatters.io\/wp-content\/uploads\/2025\/04\/MA46144.02.jpeg\",\"width\":400,\"height\":400},{\"@type\":\"BreadcrumbList\",\"@id\":\"https:\/\/labtec.flowmatters.io\/fr\/produkt\/scrapex-argentax-mit-klinge-nr-44-mit-schutzkappe\/#breadcrumb\",\"itemListElement\":[{\"@type\":\"ListItem\",\"position\":1,\"name\":\"Home\",\"item\":\"https:\/\/labtec.flowmatters.io\/fr\/\"},{\"@type\":\"ListItem\",\"position\":2,\"name\":\"Boutique\",\"item\":\"https:\/\/labtec.flowmatters.io\/fr\/boutique\/\"},{\"@type\":\"ListItem\",\"position\":3,\"name\":\"Scrapex Argentax mit Klinge Nr. 44 mit Schutzkappe\"}]},{\"@type\":\"WebSite\",\"@id\":\"https:\/\/labtec.flowmatters.io\/fr\/#website\",\"url\":\"https:\/\/labtec.flowmatters.io\/fr\/\",\"name\":\"Labtec SAFETY AG\",\"description\":\"Das f\u00fchrende Schweizer Handels- und Service- Unternehmen f\u00fcr Alkohol- und Drogentests sowie Geschwindigkeitsanzeigen im Bereich Verkehrssicherheit\",\"potentialAction\":[{\"@type\":\"SearchAction\",\"target\":{\"@type\":\"EntryPoint\",\"urlTemplate\":\"https:\/\/labtec.flowmatters.io\/fr\/?s={search_term_string}\"},\"query-input\":{\"@type\":\"PropertyValueSpecification\",\"valueRequired\":true,\"valueName\":\"search_term_string\"}}],\"inLanguage\":\"fr-FR\"}]}<\/script>\n<!-- \/ Yoast SEO plugin. -->","yoast_head_json":{"title":"Scrapex Argentax mit Klinge Nr. 44 mit Schutzkappe - Labtec SAFETY AG","robots":{"index":"noindex","follow":"follow","max-snippet":"max-snippet:-1","max-image-preview":"max-image-preview:large","max-video-preview":"max-video-preview:-1"},"og_locale":"fr_FR","og_type":"article","og_title":"Scrapex Argentax mit Klinge Nr. 44 mit Schutzkappe - Labtec SAFETY AG","og_description":"1 im Einzelkarton","og_url":"https:\/\/labtec.flowmatters.io\/fr\/produkt\/scrapex-argentax-mit-klinge-nr-44-mit-schutzkappe\/","og_site_name":"Labtec SAFETY AG","article_modified_time":"2025-06-20T13:39:00+00:00","og_image":[{"width":400,"height":400,"url":"https:\/\/labtec.flowmatters.io\/wp-content\/uploads\/2025\/04\/MA46144.02.jpeg","type":"image\/jpeg"}],"twitter_card":"summary_large_image","schema":{"@context":"https:\/\/schema.org","@graph":[{"@type":"WebPage","@id":"https:\/\/labtec.flowmatters.io\/fr\/produkt\/scrapex-argentax-mit-klinge-nr-44-mit-schutzkappe\/","url":"https:\/\/labtec.flowmatters.io\/fr\/produkt\/scrapex-argentax-mit-klinge-nr-44-mit-schutzkappe\/","name":"Scrapex Argentax mit Klinge Nr. 44 mit Schutzkappe - Labtec SAFETY AG","isPartOf":{"@id":"https:\/\/labtec.flowmatters.io\/fr\/#website"},"primaryImageOfPage":{"@id":"https:\/\/labtec.flowmatters.io\/fr\/produkt\/scrapex-argentax-mit-klinge-nr-44-mit-schutzkappe\/#primaryimage"},"image":{"@id":"https:\/\/labtec.flowmatters.io\/fr\/produkt\/scrapex-argentax-mit-klinge-nr-44-mit-schutzkappe\/#primaryimage"},"thumbnailUrl":"https:\/\/labtec.flowmatters.io\/wp-content\/uploads\/2025\/04\/MA46144.02.jpeg","datePublished":"2024-01-23T02:39:55+00:00","dateModified":"2025-06-20T13:39:00+00:00","breadcrumb":{"@id":"https:\/\/labtec.flowmatters.io\/fr\/produkt\/scrapex-argentax-mit-klinge-nr-44-mit-schutzkappe\/#breadcrumb"},"inLanguage":"fr-FR","potentialAction":[{"@type":"ReadAction","target":["https:\/\/labtec.flowmatters.io\/fr\/produkt\/scrapex-argentax-mit-klinge-nr-44-mit-schutzkappe\/"]}]},{"@type":"ImageObject","inLanguage":"fr-FR","@id":"https:\/\/labtec.flowmatters.io\/fr\/produkt\/scrapex-argentax-mit-klinge-nr-44-mit-schutzkappe\/#primaryimage","url":"https:\/\/labtec.flowmatters.io\/wp-content\/uploads\/2025\/04\/MA46144.02.jpeg","contentUrl":"https:\/\/labtec.flowmatters.io\/wp-content\/uploads\/2025\/04\/MA46144.02.jpeg","width":400,"height":400},{"@type":"BreadcrumbList","@id":"https:\/\/labtec.flowmatters.io\/fr\/produkt\/scrapex-argentax-mit-klinge-nr-44-mit-schutzkappe\/#breadcrumb","itemListElement":[{"@type":"ListItem","position":1,"name":"Home","item":"https:\/\/labtec.flowmatters.io\/fr\/"},{"@type":"ListItem","position":2,"name":"Boutique","item":"https:\/\/labtec.flowmatters.io\/fr\/boutique\/"},{"@type":"ListItem","position":3,"name":"Scrapex Argentax mit Klinge Nr. 44 mit Schutzkappe"}]},{"@type":"WebSite","@id":"https:\/\/labtec.flowmatters.io\/fr\/#website","url":"https:\/\/labtec.flowmatters.io\/fr\/","name":"Labtec SAFETY AG","description":"Das f\u00fchrende Schweizer Handels- und Service- Unternehmen f\u00fcr Alkohol- und Drogentests sowie Geschwindigkeitsanzeigen im Bereich Verkehrssicherheit","potentialAction":[{"@type":"SearchAction","target":{"@type":"EntryPoint","urlTemplate":"https:\/\/labtec.flowmatters.io\/fr\/?s={search_term_string}"},"query-input":{"@type":"PropertyValueSpecification","valueRequired":true,"valueName":"search_term_string"}}],"inLanguage":"fr-FR"}]}},"_links":{"self":[{"href":"https:\/\/labtec.flowmatters.io\/fr\/wp-json\/wp\/v2\/product\/10501","targetHints":{"allow":["GET"]}}],"collection":[{"href":"https:\/\/labtec.flowmatters.io\/fr\/wp-json\/wp\/v2\/product"}],"about":[{"href":"https:\/\/labtec.flowmatters.io\/fr\/wp-json\/wp\/v2\/types\/product"}],"wp:featuredmedia":[{"embeddable":true,"href":"https:\/\/labtec.flowmatters.io\/fr\/wp-json\/wp\/v2\/media\/10502"}],"wp:attachment":[{"href":"https:\/\/labtec.flowmatters.io\/fr\/wp-json\/wp\/v2\/media?parent=10501"}],"wp:term":[{"taxonomy":"product_brand","embeddable":true,"href":"https:\/\/labtec.flowmatters.io\/fr\/wp-json\/wp\/v2\/product_brand?post=10501"},{"taxonomy":"product_cat","embeddable":true,"href":"https:\/\/labtec.flowmatters.io\/fr\/wp-json\/wp\/v2\/product_cat?post=10501"},{"taxonomy":"product_tag","embeddable":true,"href":"https:\/\/labtec.flowmatters.io\/fr\/wp-json\/wp\/v2\/product_tag?post=10501"}],"curies":[{"name":"wp","href":"https:\/\/api.w.org\/{rel}","templated":true}]}}